{"id":9692,"date":"2024-04-22T14:26:36","date_gmt":"2024-04-22T14:26:36","guid":{"rendered":"https:\/\/dsmarinealgerie.com\/?post_type=product&#038;p=9692"},"modified":"2024-04-22T14:26:36","modified_gmt":"2024-04-22T14:26:36","slug":"combinaison-de-plongee-shorty-en-neoprene","status":"publish","type":"product","link":"https:\/\/dsmarinealgerie.com\/ar\/shop\/chasse-sous-marine\/tenues\/combinaison-de-plongee-shorty-en-neoprene\/","title":{"rendered":"\u0628\u0630\u0644\u0629 \u0642\u0635\u064a\u0631\u0629 \u0645\u0646 \u0627\u0644\u0646\u064a\u0648\u0628\u0631\u064a\u0646"},"content":{"rendered":"<p>\u0628\u0630\u0644\u0629 \u0642\u0635\u064a\u0631\u0629 \u0644\u0644\u0631\u062c\u0627\u0644 \u0648\u0627\u0644\u0646\u0633\u0627\u0621\u060c \u0646\u0633\u064a\u062c \u0645\u0631\u0646 \u064a\u0645\u0646\u062d\u0643 \u0634\u0639\u0648\u0631\u064b\u0627 \u062d\u0631\u064b\u0627 \u0648\u0645\u0631\u064a\u062d\u064b\u0627 \u0639\u0646\u062f \u0627\u0644\u0627\u0631\u062a\u062f\u0627\u0621. \u0645\u062f \u0630\u0631\u0627\u0639\u064a\u0643 \u0648\u0633\u0627\u0642\u064a\u0643 \u062f\u0648\u0646 \u0625\u062c\u0647\u0627\u062f. \u0633\u062a\u0643\u0648\u0646 \u0647\u0630\u0647 \u0627\u0644\u0628\u062f\u0644\u0629 \u0623\u0641\u0636\u0644 \u0635\u062f\u064a\u0642 \u0644\u0643 \u0641\u064a \u0627\u0644\u0645\u0627\u0621.<br \/>\n\u062a\u062d\u062f\u064a\u062f:<br \/>\n\u0627\u0644\u0627\u0633\u0645: \u062d\u0644\u0644\u0627 \u0642\u0635\u064a\u0631\u0629<br \/>\n\u0627\u0644\u0633\u064f\u0645\u0643: 3 \u0645\u0644\u0645<br \/>\n\u0627\u0644\u0644\u0648\u0646: \u0623\u0633\u0648\u062f\/\u0623\u0632\u0631\u0642<br \/>\n\u0627\u0644\u062d\u062c\u0645: S\/M\/L\/XL<br \/>\n\u0627\u0644\u0625\u063a\u0644\u0627\u0642: \u0633\u062d\u0627\u0628 \u062e\u0644\u0641\u064a<br \/>\n\u0646\u0648\u0639 \u0627\u0644\u0643\u0645: \u0643\u0645 \u0642\u0635\u064a\u0631<br \/>\n\u0627\u0644\u0645\u064a\u0632\u0629: \u0642\u0627\u0628\u0644 \u0644\u0644\u062a\u0646\u0641\u0633\u060c \u0645\u0642\u0627\u0648\u0645 \u0644\u0644\u0645\u0627\u0621\u060c \u0645\u0642\u0627\u0648\u0645 \u0644\u0644\u0631\u064a\u0627\u062d\u060c \u0633\u0631\u064a\u0639 \u0627\u0644\u062c\u0641\u0627\u0641\u060c \u062f\u0627\u0641\u0626\u060c \u0645\u0631\u064a\u062d\u060c \u0645\u0646\u0627\u0633\u0628<br \/>\n\u0627\u0644\u0627\u0633\u062a\u062e\u062f\u0627\u0645: \u0645\u0646\u0627\u0633\u0628 \u0644\u062c\u0645\u064a\u0639 \u0623\u0646\u0648\u0627\u0639 \u0627\u0644\u0631\u064a\u0627\u0636\u0627\u062a \u0627\u0644\u0645\u0627\u0626\u064a\u0629<\/p>","protected":false},"excerpt":{"rendered":"<p>Combinaison shorty pour hommes et femme, Le tissu flexible\u00a0 vous procure une sensation de port libre et confortable. \u00c9tirez les bras et les jambes sans contrainte. cet combinaison de plong\u00e9e sera votre meilleure amie dans l&rsquo;eau. Sp\u00e9cifications : Nom : Combinaisons Shorty \u00c9paisseur : 3mm Couleur : Noir\/bleu Taille : S\/M\/L\/XL Fermeture\u00a0: fermeture \u00e0 glissi\u00e8re [&hellip;]<\/p>","protected":false},"featured_media":9694,"comment_status":"open","ping_status":"closed","template":"","meta":{"_uf_show_specific_survey":0,"_uf_disable_surveys":false},"product_brand":[],"product_cat":[172,165],"product_tag":[],"class_list":{"0":"post-9692","1":"product","2":"type-product","3":"status-publish","4":"has-post-thumbnail","6":"product_cat-tenues","7":"product_cat-chasse-sous-marine","9":"first","10":"instock","11":"shipping-taxable","12":"purchasable","13":"product-type-variable"},"aioseo_notices":[],"_links":{"self":[{"href":"https:\/\/dsmarinealgerie.com\/ar\/wp-json\/wp\/v2\/product\/9692","targetHints":{"allow":["GET"]}}],"collection":[{"href":"https:\/\/dsmarinealgerie.com\/ar\/wp-json\/wp\/v2\/product"}],"about":[{"href":"https:\/\/dsmarinealgerie.com\/ar\/wp-json\/wp\/v2\/types\/product"}],"replies":[{"embeddable":true,"href":"https:\/\/dsmarinealgerie.com\/ar\/wp-json\/wp\/v2\/comments?post=9692"}],"wp:featuredmedia":[{"embeddable":true,"href":"https:\/\/dsmarinealgerie.com\/ar\/wp-json\/wp\/v2\/media\/9694"}],"wp:attachment":[{"href":"https:\/\/dsmarinealgerie.com\/ar\/wp-json\/wp\/v2\/media?parent=9692"}],"wp:term":[{"taxonomy":"product_brand","embeddable":true,"href":"https:\/\/dsmarinealgerie.com\/ar\/wp-json\/wp\/v2\/product_brand?post=9692"},{"taxonomy":"product_cat","embeddable":true,"href":"https:\/\/dsmarinealgerie.com\/ar\/wp-json\/wp\/v2\/product_cat?post=9692"},{"taxonomy":"product_tag","embeddable":true,"href":"https:\/\/dsmarinealgerie.com\/ar\/wp-json\/wp\/v2\/product_tag?post=9692"}],"curies":[{"name":"wp","href":"https:\/\/api.w.org\/{rel}","templated":true}]}}