{"id":9722,"date":"2024-05-21T14:36:43","date_gmt":"2024-05-21T14:36:43","guid":{"rendered":"https:\/\/dsmarinealgerie.com\/?post_type=product&#038;p=9722"},"modified":"2024-05-21T14:36:43","modified_gmt":"2024-05-21T14:36:43","slug":"raglou-soft-lures","status":"publish","type":"product","link":"https:\/\/dsmarinealgerie.com\/ar\/shop\/peche\/materiel-de-peche\/raglou-soft-lures\/","title":{"rendered":"\u0631\u0627\u062c\u0644\u0648 \u0627\u0644\u0633\u062d\u0631 \u0627\u0644\u0646\u0627\u0639\u0645\u0629"},"content":{"rendered":"<p>\u0637\u0639\u0645 \u0635\u064a\u062f \u0645\u0646 \u0627\u0644\u0628\u0644\u0627\u0633\u062a\u064a\u0643 \u0627\u0644\u0646\u0627\u0639\u0645.<\/p>\n<p>\u064a\u0633\u0627\u0647\u0645 \u0627\u0644\u0630\u064a\u0644 \u0627\u0644\u0631\u0641\u064a\u0639 \u0648\u0627\u0644\u0645\u0631\u0646 \u0648\u0627\u0644\u0645\u0642\u0627\u0648\u0645 \u0641\u064a \u0627\u0644\u062d\u0631\u0643\u0629 \u0627\u0644\u0645\u062a\u0645\u0648\u062c\u0629 \u0644\u0644\u0637\u0639\u0645. \u064a\u0642\u0644\u062f Raglou \u0628\u0634\u0643\u0644 \u0645\u062b\u0627\u0644\u064a \u062a\u0645\u0627\u064a\u0644 \u0627\u0644\u0633\u0646\u062f\u064a\u0644 \u0623\u0648 \u0627\u0644\u0633\u0645\u0643\u0629.<\/p>\n<p>\u064a\u062a\u0645 \u062a\u0648\u0641\u064a\u0631 \u0627\u0633\u062a\u0642\u0631\u0627\u0631 \u0627\u0644\u0633\u0628\u0627\u062d\u0629 \u0645\u0646 \u062e\u0644\u0627\u0644 \u0627\u0644\u0632\u0639\u0627\u0646\u0641 \u0627\u0644\u0638\u0647\u0631\u064a\u0629 \u0648\u0627\u0644\u062c\u0627\u0646\u0628\u064a\u0629.<\/p>\n<ul>\n<li>\u0627\u0644\u0645\u062d\u062a\u0648\u0649: 20 \u0642\u0637\u0639\u0629\/\u0627\u0644\u062d\u0632\u0645\u0629<\/li>\n<\/ul>","protected":false},"excerpt":{"rendered":"<p>Leurre souple de p\u00eache en plastique. La queue fine, souple et r\u00e9sistante contribue au mouvement ondulatoire du\u00a0leurre. Le\u00a0Raglou\u00a0imite \u00e0 la perfection le fr\u00e9tillement d\u2019un\u00a0lan\u00e7on ou d\u2019un poissonnet. La stabilit\u00e9 de nage est assur\u00e9e par les nageoires dorsales et lat\u00e9rales. Contenu : 20 pi\u00e8ces\/paquet<\/p>","protected":false},"featured_media":9723,"comment_status":"open","ping_status":"closed","template":"","meta":{"_uf_show_specific_survey":0,"_uf_disable_surveys":false},"product_brand":[],"product_cat":[164,227],"product_tag":[],"class_list":{"0":"post-9722","1":"product","2":"type-product","3":"status-publish","4":"has-post-thumbnail","6":"product_cat-peche","7":"product_cat-materiel-de-peche","9":"first","10":"instock","11":"shipping-taxable","12":"purchasable","13":"product-type-simple"},"aioseo_notices":[],"_links":{"self":[{"href":"https:\/\/dsmarinealgerie.com\/ar\/wp-json\/wp\/v2\/product\/9722","targetHints":{"allow":["GET"]}}],"collection":[{"href":"https:\/\/dsmarinealgerie.com\/ar\/wp-json\/wp\/v2\/product"}],"about":[{"href":"https:\/\/dsmarinealgerie.com\/ar\/wp-json\/wp\/v2\/types\/product"}],"replies":[{"embeddable":true,"href":"https:\/\/dsmarinealgerie.com\/ar\/wp-json\/wp\/v2\/comments?post=9722"}],"wp:featuredmedia":[{"embeddable":true,"href":"https:\/\/dsmarinealgerie.com\/ar\/wp-json\/wp\/v2\/media\/9723"}],"wp:attachment":[{"href":"https:\/\/dsmarinealgerie.com\/ar\/wp-json\/wp\/v2\/media?parent=9722"}],"wp:term":[{"taxonomy":"product_brand","embeddable":true,"href":"https:\/\/dsmarinealgerie.com\/ar\/wp-json\/wp\/v2\/product_brand?post=9722"},{"taxonomy":"product_cat","embeddable":true,"href":"https:\/\/dsmarinealgerie.com\/ar\/wp-json\/wp\/v2\/product_cat?post=9722"},{"taxonomy":"product_tag","embeddable":true,"href":"https:\/\/dsmarinealgerie.com\/ar\/wp-json\/wp\/v2\/product_tag?post=9722"}],"curies":[{"name":"wp","href":"https:\/\/api.w.org\/{rel}","templated":true}]}}