{"id":9747,"date":"2024-05-21T14:40:24","date_gmt":"2024-05-21T14:40:24","guid":{"rendered":"https:\/\/dsmarinealgerie.com\/?post_type=product&#038;p=9747"},"modified":"2024-05-21T14:45:41","modified_gmt":"2024-05-21T14:45:41","slug":"piscator-rig-browning","status":"publish","type":"product","link":"https:\/\/dsmarinealgerie.com\/ar\/shop\/peche\/materiel-de-peche\/hamecons\/piscator-rig-browning\/","title":{"rendered":"\u0628\u064a\u0633\u0643\u0627\u062a\u0648\u0631 \u0631\u064a\u062c \u0628\u0631\u0627\u0648\u0646\u0646\u062c"},"content":{"rendered":"<p>\u064a\u062a\u0645 \u062a\u0631\u0643\u064a\u0628 Browning Sabiki Piscator Rig 3532 \u0644\u0644\u0635\u064a\u062f \u0641\u064a \u0642\u0627\u0639 \u0627\u0644\u0642\u0627\u0631\u0628 \u0644\u0627\u0633\u062a\u0647\u062f\u0627\u0641 \u0627\u0644\u062d\u064a\u0648\u0627\u0646\u0627\u062a \u0627\u0644\u0645\u0641\u062a\u0631\u0633\u0629 \u0627\u0644\u0635\u063a\u064a\u0631\u0629 \u0648\u0627\u0644\u0645\u062a\u0648\u0633\u0637\u0629 \u0645\u062b\u0644 \u0627\u0644\u0645\u0627\u0643\u0631\u064a\u0644 \u0648\u0627\u0644\u0644\u0627\u0646\u0633\u064a\u062a \u0648\u0627\u0644\u0645\u0627\u0643\u0631\u064a\u0644 \u0627\u0644\u062d\u0635\u0627\u0646. \u062a\u062a\u0645\u064a\u0632 \u0627\u0644\u062e\u0637\u0627\u0641\u0627\u062a \u0627\u0644\u0643\u0631\u0628\u0648\u0646\u064a\u0629 \u0627\u0644\u0645\u0634\u062d\u0630\u0629 \u0643\u064a\u0645\u064a\u0627\u0626\u064a\u064b\u0627 \u0628\u062a\u0646\u0648\u0631\u0629 \u0628\u064a\u0636\u0627\u0621 \u0645\u0639 \u0646\u0642\u0637\u0629 \u062d\u0645\u0631\u0627\u0621 \u0648\u062e\u0631\u0632 \u0641\u0644\u0648\u0631\u0633\u0646\u062a. \u0646\u0642\u062a\u0631\u062d \u0627\u0633\u062a\u062e\u062f\u0627\u0645 Sabiki \u0627\u0644\u062e\u0627\u0635 \u0628\u0646\u0627 \u0628\u0645\u0642\u0648\u062f \u064a\u062a\u0646\u0627\u0633\u0628 \u0645\u0639 \u0627\u0644\u062a\u064a\u0627\u0631.<\/p>\n<p>6 \u0647\u0648\u0643 \u062a\u0644\u0627\u0639\u0628<\/p>\n<p>\u0627\u0644\u0637\u0648\u0644 150 \u0633\u0645<\/p>\n<p>\u0627\u0644\u062d\u062c\u0645: 35 \u0645\u0644\u0645<\/p>\n<p>\u0627\u0644\u062d\u062c\u0645 6<\/p>","protected":false},"excerpt":{"rendered":"<p>Support Browning Sabiki Piscator Rig 3532 pour la p\u00eache de fond depuis le bateau afin de cibler les pr\u00e9dateurs p\u00e9lagiques petits et moyens tels que le maquereau, la lancette et le chinchard. Les hame\u00e7ons en carbone aff\u00fbt\u00e9s chimiquement sont \u00e9quip\u00e9s d&rsquo;une jupe blanche avec point rouge et perles fluorescentes. Nous vous sugg\u00e9rons d&rsquo;utiliser notre Sabiki [&hellip;]<\/p>","protected":false},"featured_media":9748,"comment_status":"open","ping_status":"closed","template":"","meta":{"_uf_show_specific_survey":0,"_uf_disable_surveys":false},"product_brand":[],"product_cat":[742,164,227],"product_tag":[],"class_list":{"0":"post-9747","1":"product","2":"type-product","3":"status-publish","4":"has-post-thumbnail","6":"product_cat-hamecons","7":"product_cat-peche","8":"product_cat-materiel-de-peche","10":"first","11":"instock","12":"shipping-taxable","13":"purchasable","14":"product-type-simple"},"aioseo_notices":[],"_links":{"self":[{"href":"https:\/\/dsmarinealgerie.com\/ar\/wp-json\/wp\/v2\/product\/9747","targetHints":{"allow":["GET"]}}],"collection":[{"href":"https:\/\/dsmarinealgerie.com\/ar\/wp-json\/wp\/v2\/product"}],"about":[{"href":"https:\/\/dsmarinealgerie.com\/ar\/wp-json\/wp\/v2\/types\/product"}],"replies":[{"embeddable":true,"href":"https:\/\/dsmarinealgerie.com\/ar\/wp-json\/wp\/v2\/comments?post=9747"}],"wp:featuredmedia":[{"embeddable":true,"href":"https:\/\/dsmarinealgerie.com\/ar\/wp-json\/wp\/v2\/media\/9748"}],"wp:attachment":[{"href":"https:\/\/dsmarinealgerie.com\/ar\/wp-json\/wp\/v2\/media?parent=9747"}],"wp:term":[{"taxonomy":"product_brand","embeddable":true,"href":"https:\/\/dsmarinealgerie.com\/ar\/wp-json\/wp\/v2\/product_brand?post=9747"},{"taxonomy":"product_cat","embeddable":true,"href":"https:\/\/dsmarinealgerie.com\/ar\/wp-json\/wp\/v2\/product_cat?post=9747"},{"taxonomy":"product_tag","embeddable":true,"href":"https:\/\/dsmarinealgerie.com\/ar\/wp-json\/wp\/v2\/product_tag?post=9747"}],"curies":[{"name":"wp","href":"https:\/\/api.w.org\/{rel}","templated":true}]}}