{"id":9750,"date":"2024-04-22T15:06:15","date_gmt":"2024-04-22T15:06:15","guid":{"rendered":"https:\/\/dsmarinealgerie.com\/?post_type=product&#038;p=9750"},"modified":"2024-04-22T15:06:15","modified_gmt":"2024-04-22T15:06:15","slug":"feather-rig-avec-hamecon","status":"publish","type":"product","link":"https:\/\/dsmarinealgerie.com\/ar\/shop\/peche\/materiel-de-peche\/hamecons\/feather-rig-avec-hamecon\/","title":{"rendered":"\u062a\u0644\u0627\u0639\u0628 \u0627\u0644\u0631\u064a\u0634 \u0645\u0639 \u0647\u0648\u0643"},"content":{"rendered":"<p>\u062c\u0647\u0627\u0632 \u0631\u064a\u0634 \u0644\u0644\u0635\u064a\u062f \u0648\u0627\u0644\u0635\u064a\u062f \u0627\u0644\u0639\u0645\u064a\u0642 \u0645\u0639 5 \u062e\u0637\u0627\u0641\u0627\u062a\u060c \u0628\u0647\u0631\u062c\u060c \u0631\u064a\u0634 \u0623\u0628\u064a\u0636\u060c \u0623\u0631\u0628\u0637\u0629 \u062d\u0645\u0631\u0627\u0621. \u0627\u0644\u062e\u0637 \u0627\u0644\u0631\u0626\u064a\u0633\u064a \u0628\u0637\u0648\u0644 0.44 \u0645\u0644\u0645.<\/p>\n<p>\u0625\u0646\u0647 \u0627\u0644\u0645\u0631\u062c\u0639 \u0627\u0644\u062c\u062f\u064a\u062f \u0627\u0644\u0645\u062b\u0627\u0644\u064a \u0627\u0644\u0645\u0648\u062c\u0648\u062f \u0641\u064a \u0635\u0646\u062f\u0648\u0642 \u0627\u0644\u0623\u062f\u0648\u0627\u062a \u0627\u0644\u062e\u0627\u0635 \u0628\u0643 \u0648\u0627\u0644\u0630\u064a \u064a\u0645\u0643\u0646 \u0627\u0633\u062a\u062e\u062f\u0627\u0645\u0647 \u0639\u0644\u0649 \u0645\u062a\u0646 \u0627\u0644\u0642\u0627\u0631\u0628 \u0648\u0639\u0644\u0649 \u0645\u062a\u0646 \u0627\u0644\u0642\u0627\u0631\u0628 \u0648\u0623\u064a\u0636\u064b\u0627 \u0641\u064a \u0628\u062b \u0627\u0644\u0623\u0645\u0648\u0627\u062c.<\/p>\n<p>\u0645\u0642\u0627\u0633 \u0627\u0644\u062e\u0637\u0627\u0641: 5<\/p>","protected":false},"excerpt":{"rendered":"<p>Feather rig pour la p\u00eache \u00e0 la tra\u00eene et la p\u00eache en profondeur avec 5 hame\u00e7ons , guirlandes, plumes blanches, ligatures rouges. Ligne principale d&rsquo;une longueur 0.44 mm . C\u2019est la nouvelle r\u00e9f\u00e9rence id\u00e9ale \u00e0 avoir dans sa bo\u00eete \u00e0 p\u00eache qui s&rsquo;utilise \u00e0 la fois du bord, en bateau mais aussi en surfcasting. Size [&hellip;]<\/p>","protected":false},"featured_media":9755,"comment_status":"open","ping_status":"closed","template":"","meta":{"_uf_show_specific_survey":0,"_uf_disable_surveys":false},"product_brand":[],"product_cat":[742,164,227],"product_tag":[],"class_list":{"0":"post-9750","1":"product","2":"type-product","3":"status-publish","4":"has-post-thumbnail","6":"product_cat-hamecons","7":"product_cat-peche","8":"product_cat-materiel-de-peche","10":"first","11":"instock","12":"shipping-taxable","13":"purchasable","14":"product-type-simple"},"aioseo_notices":[],"_links":{"self":[{"href":"https:\/\/dsmarinealgerie.com\/ar\/wp-json\/wp\/v2\/product\/9750","targetHints":{"allow":["GET"]}}],"collection":[{"href":"https:\/\/dsmarinealgerie.com\/ar\/wp-json\/wp\/v2\/product"}],"about":[{"href":"https:\/\/dsmarinealgerie.com\/ar\/wp-json\/wp\/v2\/types\/product"}],"replies":[{"embeddable":true,"href":"https:\/\/dsmarinealgerie.com\/ar\/wp-json\/wp\/v2\/comments?post=9750"}],"wp:featuredmedia":[{"embeddable":true,"href":"https:\/\/dsmarinealgerie.com\/ar\/wp-json\/wp\/v2\/media\/9755"}],"wp:attachment":[{"href":"https:\/\/dsmarinealgerie.com\/ar\/wp-json\/wp\/v2\/media?parent=9750"}],"wp:term":[{"taxonomy":"product_brand","embeddable":true,"href":"https:\/\/dsmarinealgerie.com\/ar\/wp-json\/wp\/v2\/product_brand?post=9750"},{"taxonomy":"product_cat","embeddable":true,"href":"https:\/\/dsmarinealgerie.com\/ar\/wp-json\/wp\/v2\/product_cat?post=9750"},{"taxonomy":"product_tag","embeddable":true,"href":"https:\/\/dsmarinealgerie.com\/ar\/wp-json\/wp\/v2\/product_tag?post=9750"}],"curies":[{"name":"wp","href":"https:\/\/api.w.org\/{rel}","templated":true}]}}