{"id":9753,"date":"2024-04-22T14:48:43","date_gmt":"2024-04-22T14:48:43","guid":{"rendered":"https:\/\/dsmarinealgerie.com\/?post_type=product&#038;p=9753"},"modified":"2024-04-22T14:48:43","modified_gmt":"2024-04-22T14:48:43","slug":"perle-fixonel-round","status":"publish","type":"product","link":"https:\/\/dsmarinealgerie.com\/ar\/shop\/peche\/materiel-de-peche\/accessoires-de-peche\/perle-fixonel-round\/","title":{"rendered":"\u062d\u0628\u0629 \u0641\u064a\u0643\u0633\u0648\u0646\u064a\u0644 \u0627\u0644\u0645\u0633\u062a\u062f\u064a\u0631\u0629"},"content":{"rendered":"<p>\u062d\u0628\u0627\u062a \u0625\u063a\u0631\u0627\u0621 \u0646\u0627\u0639\u0645\u0629 \u0644\u062e\u0637 \u0631\u0643\u0648\u0628 \u0627\u0644\u0623\u0645\u0648\u0627\u062c. \u0639\u0627\u0626\u0645\u0629 \u0648(\u0630\u0627\u062a \u0644\u0648\u0646\u064a\u0646 \u062c\u0632\u0626\u064a\u064b\u0627) \u0630\u0627\u062a\u064a\u0629 \u0627\u0644\u0625\u0636\u0627\u0621\u0629. \u062c\u0627\u0630\u0628\u0627\u062a \u0641\u064a\u0643\u0633\u0648\u0646\u064a\u0644 \u0644\u0647\u0627 \u062a\u0623\u062b\u064a\u0631 \u062c\u0627\u0630\u0628 \u0639\u0627\u0644\u064a. \u0623\u0641\u0636\u0644 \u0628\u062f\u064a\u0644 \u0644\u062e\u0631\u0632 \u0627\u0644\u0642\u0641\u0644 \u0627\u0644\u0643\u0644\u0627\u0633\u064a\u0643\u064a.<\/p>\n<p>\u0627\u0644\u0645\u062d\u062a\u0648\u0649: 20 \u0642\u0637\u0639\u0629<\/p>\n<p>&nbsp;<\/p>","protected":false},"excerpt":{"rendered":"<p>Perles de leurre souples pour la ligne de surf. Flottant et (en partie bicolore) auto \u00e9clairant. Les attracteurs Fixonell ont un effet attractif \u00e9lev\u00e9. La meilleure alternative aux perles de verrouillage classiques. Contenu : 20 pi\u00e8ces &nbsp;<\/p>","protected":false},"featured_media":9757,"comment_status":"open","ping_status":"closed","template":"","meta":{"_uf_show_specific_survey":0,"_uf_disable_surveys":false},"product_brand":[],"product_cat":[183,164,227],"product_tag":[],"class_list":{"0":"post-9753","1":"product","2":"type-product","3":"status-publish","4":"has-post-thumbnail","6":"product_cat-accessoires-de-peche","7":"product_cat-peche","8":"product_cat-materiel-de-peche","10":"first","11":"instock","12":"shipping-taxable","13":"purchasable","14":"product-type-simple"},"aioseo_notices":[],"_links":{"self":[{"href":"https:\/\/dsmarinealgerie.com\/ar\/wp-json\/wp\/v2\/product\/9753","targetHints":{"allow":["GET"]}}],"collection":[{"href":"https:\/\/dsmarinealgerie.com\/ar\/wp-json\/wp\/v2\/product"}],"about":[{"href":"https:\/\/dsmarinealgerie.com\/ar\/wp-json\/wp\/v2\/types\/product"}],"replies":[{"embeddable":true,"href":"https:\/\/dsmarinealgerie.com\/ar\/wp-json\/wp\/v2\/comments?post=9753"}],"wp:featuredmedia":[{"embeddable":true,"href":"https:\/\/dsmarinealgerie.com\/ar\/wp-json\/wp\/v2\/media\/9757"}],"wp:attachment":[{"href":"https:\/\/dsmarinealgerie.com\/ar\/wp-json\/wp\/v2\/media?parent=9753"}],"wp:term":[{"taxonomy":"product_brand","embeddable":true,"href":"https:\/\/dsmarinealgerie.com\/ar\/wp-json\/wp\/v2\/product_brand?post=9753"},{"taxonomy":"product_cat","embeddable":true,"href":"https:\/\/dsmarinealgerie.com\/ar\/wp-json\/wp\/v2\/product_cat?post=9753"},{"taxonomy":"product_tag","embeddable":true,"href":"https:\/\/dsmarinealgerie.com\/ar\/wp-json\/wp\/v2\/product_tag?post=9753"}],"curies":[{"name":"wp","href":"https:\/\/api.w.org\/{rel}","templated":true}]}}