{"id":9772,"date":"2024-04-22T15:04:02","date_gmt":"2024-04-22T15:04:02","guid":{"rendered":"https:\/\/dsmarinealgerie.com\/?post_type=product&#038;p=9772"},"modified":"2024-04-22T15:04:02","modified_gmt":"2024-04-22T15:04:02","slug":"monofilament-sunset-rs-competition-300m","status":"publish","type":"product","link":"https:\/\/dsmarinealgerie.com\/ar\/shop\/peche\/materiel-de-peche\/fil-de-peche-materiel-de-peche\/monofilament-sunset-rs-competition-300m\/","title":{"rendered":"\u0645\u0633\u0627\u0628\u0642\u0629 \u062d\u064a\u062f\u0629 \u063a\u0631\u0648\u0628 \u0627\u0644\u0634\u0645\u0633 RS 300 \u0645"},"content":{"rendered":"<p>\u062e\u0637\u0648\u0637 \u0635\u064a\u062f \u0627\u0644\u0633\u0645\u0643 \u0643\u0631\u064a\u0633\u062a\u0627\u0644 \u0628\u0627\u0643\u0627\u0631\u0627\u062a \u0644\u0644\u0645\u0633\u0627\u0641\u0627\u062a \u0627\u0644\u0637\u0648\u064a\u0644\u0629 \u0645\u0646 \u0622\u0631 \u0625\u0633 \u0643\u0648\u0645\u0628\u064a\u062a\u064a\u0634\u0646\u060c \u0645\u0646 \u0635\u0646 \u0633\u064a\u062a. \u0645\u062a\u0648\u0641\u0631 \u0628\u0637\u0648\u0644 300 \u0645\u062a\u0631 \u0648\u0623\u0642\u0637\u0627\u0631 \u0645\u0646 0.22 \u0645\u0644\u0645 \u0625\u0644\u0649 0.25 \u0645\u0644\u0645.<\/p>\n<ul>\n<li>\u0627\u0644\u0642\u0637\u0631: 0.22 \u0645\u0644\u0645\u061b \u0627\u0644\u0637\u0648\u0644: 300 \u0645\u061b \u0627\u0644\u062a\u062d\u0645\u0644: 4 \u0643\u062c\u0645\/8.83 \u0631\u0637\u0644<\/li>\n<li>\u0627\u0644\u0642\u0637\u0631: 0.25 \u0645\u0644\u0645\u061b \u0627\u0644\u0637\u0648\u0644: 300 \u0645\u061b \u0627\u0644\u062a\u062d\u0645\u0644: 5.20 \u0643\u062c\u0645\/11.4 \u0631\u0637\u0644<\/li>\n<\/ul>","protected":false},"excerpt":{"rendered":"<p>Lignes de p\u00eache RS Competition Longue Distance Baccarat Crystal, par Sunset. Disponible en longueur 300M et en diam\u00e8tres de 0.22 mm \u00e0 0,25 mm. Diam\u00e8tre : 0.22mm ;\u00a0 Longueur: 300M ; Endurance: 4kg\/8.83Lbs Diam\u00e8tre : 0.25mm ;\u00a0 Longueur: 300M ; Endurance: 5.20kg\/11.4Lbs<\/p>","protected":false},"featured_media":9777,"comment_status":"open","ping_status":"closed","template":"","meta":{"_uf_show_specific_survey":0,"_uf_disable_surveys":false},"product_brand":[],"product_cat":[164,227,230],"product_tag":[],"class_list":{"0":"post-9772","1":"product","2":"type-product","3":"status-publish","4":"has-post-thumbnail","6":"product_cat-peche","7":"product_cat-materiel-de-peche","8":"product_cat-fil-de-peche-materiel-de-peche","10":"first","11":"instock","12":"shipping-taxable","13":"purchasable","14":"product-type-variable"},"aioseo_notices":[],"_links":{"self":[{"href":"https:\/\/dsmarinealgerie.com\/ar\/wp-json\/wp\/v2\/product\/9772","targetHints":{"allow":["GET"]}}],"collection":[{"href":"https:\/\/dsmarinealgerie.com\/ar\/wp-json\/wp\/v2\/product"}],"about":[{"href":"https:\/\/dsmarinealgerie.com\/ar\/wp-json\/wp\/v2\/types\/product"}],"replies":[{"embeddable":true,"href":"https:\/\/dsmarinealgerie.com\/ar\/wp-json\/wp\/v2\/comments?post=9772"}],"wp:featuredmedia":[{"embeddable":true,"href":"https:\/\/dsmarinealgerie.com\/ar\/wp-json\/wp\/v2\/media\/9777"}],"wp:attachment":[{"href":"https:\/\/dsmarinealgerie.com\/ar\/wp-json\/wp\/v2\/media?parent=9772"}],"wp:term":[{"taxonomy":"product_brand","embeddable":true,"href":"https:\/\/dsmarinealgerie.com\/ar\/wp-json\/wp\/v2\/product_brand?post=9772"},{"taxonomy":"product_cat","embeddable":true,"href":"https:\/\/dsmarinealgerie.com\/ar\/wp-json\/wp\/v2\/product_cat?post=9772"},{"taxonomy":"product_tag","embeddable":true,"href":"https:\/\/dsmarinealgerie.com\/ar\/wp-json\/wp\/v2\/product_tag?post=9772"}],"curies":[{"name":"wp","href":"https:\/\/api.w.org\/{rel}","templated":true}]}}