{"id":9781,"date":"2024-05-21T14:43:40","date_gmt":"2024-05-21T14:43:40","guid":{"rendered":"https:\/\/dsmarinealgerie.com\/?post_type=product&#038;p=9781"},"modified":"2024-05-21T14:43:40","modified_gmt":"2024-05-21T14:43:40","slug":"raglou-tete-orange-fishing-lures","status":"publish","type":"product","link":"https:\/\/dsmarinealgerie.com\/ar\/shop\/peche\/materiel-de-peche\/raglou-tete-orange-fishing-lures\/","title":{"rendered":"Raglou Tete \u0637\u064f\u0639\u0645 \u0635\u064a\u062f \u0627\u0644\u0633\u0645\u0643 \u0628\u0627\u0644\u0644\u0648\u0646 \u0627\u0644\u0628\u0631\u062a\u0642\u0627\u0644\u064a"},"content":{"rendered":"<p class=\"product__buybox_description_text\">\u0645\u0635\u0645\u0645\u0629 \u0644\u0635\u064a\u062f \u0627\u0644\u0623\u0633\u0645\u0627\u0643 \u0648\u0627\u0644\u062d\u064a\u0648\u0627\u0646\u0627\u062a \u0627\u0644\u0645\u0641\u062a\u0631\u0633\u0629 \u0641\u064a \u0627\u0644\u0628\u062d\u0631 \u0623\u0648 \u0645\u0646 \u0627\u0644\u0634\u0627\u0637\u0626 \u0623\u0648 \u0645\u0646 \u0627\u0644\u0642\u0627\u0631\u0628.<\/p>\n<p class=\"product__buybox_description_text\">\u0637\u0639\u0645 \u0646\u0627\u0639\u0645 \u0645\u062e\u0635\u0635 \u0644\u0644\u0627\u0633\u062a\u062e\u062f\u0627\u0645 \u0641\u064a \u0627\u0644\u0635\u064a\u062f \u0623\u0648 \u0627\u0644\u0635\u0628\u060c \u0648\u0647\u0648 \u064a\u0642\u0644\u062f \u0634\u0643\u0644 \u0627\u0644\u0635\u0646\u062f\u0644 \u0623\u0648 \u0627\u0644\u0632\u0631\u064a\u0639\u0629. \u064a\u0645\u0646\u0639 \u0627\u0644\u062e\u0637\u0627\u0641 \u0627\u0644\u0627\u0644\u062a\u0648\u0627\u0621 \u0648\u064a\u0632\u0648\u062f Raglou \u0628\u0627\u0644\u0633\u0628\u0627\u062d\u0629 \u0627\u0644\u0645\u0633\u062a\u0642\u064a\u0645\u0629 \u0648\u0627\u0644\u062d\u064a\u0648\u064a\u0629.<\/p>\n<p>\u0627\u0644\u0645\u062d\u062a\u0648\u0649: 10 \u0642\u0637\u0639\u0629\/\u0627\u0644\u062d\u0632\u0645\u0629<\/p>","protected":false},"excerpt":{"rendered":"<p>Con\u00e7u pour la p\u00eache du loup (bar) et des carnassiers en mer, du bord ou en bateau. Leurre souple destin\u00e9 \u00e0 une utilisation en tra\u00eene ou au lancer, qui imite la forme d&rsquo;un lan\u00e7on ou d&rsquo;un alevin. L&rsquo;hame\u00e7on \u00e9vite les vrillages et procure au Raglou une nage rectiligne et vibrante. Contenu : 10 pi\u00e8ces\/paquet<\/p>","protected":false},"featured_media":9787,"comment_status":"open","ping_status":"closed","template":"","meta":{"_uf_show_specific_survey":0,"_uf_disable_surveys":false},"product_brand":[],"product_cat":[164,227],"product_tag":[],"class_list":{"0":"post-9781","1":"product","2":"type-product","3":"status-publish","4":"has-post-thumbnail","6":"product_cat-peche","7":"product_cat-materiel-de-peche","9":"first","10":"instock","11":"shipping-taxable","12":"purchasable","13":"product-type-simple"},"aioseo_notices":[],"_links":{"self":[{"href":"https:\/\/dsmarinealgerie.com\/ar\/wp-json\/wp\/v2\/product\/9781","targetHints":{"allow":["GET"]}}],"collection":[{"href":"https:\/\/dsmarinealgerie.com\/ar\/wp-json\/wp\/v2\/product"}],"about":[{"href":"https:\/\/dsmarinealgerie.com\/ar\/wp-json\/wp\/v2\/types\/product"}],"replies":[{"embeddable":true,"href":"https:\/\/dsmarinealgerie.com\/ar\/wp-json\/wp\/v2\/comments?post=9781"}],"wp:featuredmedia":[{"embeddable":true,"href":"https:\/\/dsmarinealgerie.com\/ar\/wp-json\/wp\/v2\/media\/9787"}],"wp:attachment":[{"href":"https:\/\/dsmarinealgerie.com\/ar\/wp-json\/wp\/v2\/media?parent=9781"}],"wp:term":[{"taxonomy":"product_brand","embeddable":true,"href":"https:\/\/dsmarinealgerie.com\/ar\/wp-json\/wp\/v2\/product_brand?post=9781"},{"taxonomy":"product_cat","embeddable":true,"href":"https:\/\/dsmarinealgerie.com\/ar\/wp-json\/wp\/v2\/product_cat?post=9781"},{"taxonomy":"product_tag","embeddable":true,"href":"https:\/\/dsmarinealgerie.com\/ar\/wp-json\/wp\/v2\/product_tag?post=9781"}],"curies":[{"name":"wp","href":"https:\/\/api.w.org\/{rel}","templated":true}]}}