{"id":9804,"date":"2024-04-23T12:05:40","date_gmt":"2024-04-23T12:05:40","guid":{"rendered":"https:\/\/dsmarinealgerie.com\/?post_type=product&#038;p=9804"},"modified":"2024-04-23T12:05:40","modified_gmt":"2024-04-23T12:05:40","slug":"st-leurres-calamar-3","status":"publish","type":"product","link":"https:\/\/dsmarinealgerie.com\/ar\/shop\/peche\/materiel-de-peche\/souple\/st-leurres-calamar-3\/","title":{"rendered":"\u0633\u0627\u0646\u062a \u0627\u0644\u0633\u062d\u0631 \u0627\u0644\u062d\u0628\u0627\u0631 3"},"content":{"rendered":"<p>\u0625\u063a\u0631\u0627\u0621 \u0643\u0627\u0644\u0627\u0645\u0627\u0631\u060c \u0647\u0648 \u0625\u063a\u0631\u0627\u0621 \u0645\u0646 \u0639\u0644\u0627\u0645\u0629 \u062a\u062c\u0627\u0631\u064a\u0629 \u062c\u0632\u0627\u0626\u0631\u064a\u0629 \u062a\u0642\u062f\u0645 \u0648\u0627\u0642\u0639\u064a\u0629 \u063a\u064a\u0631 \u0639\u0627\u062f\u064a\u0629\u060c \u0648\u0627\u0644\u0633\u0628\u0627\u062d\u0629 \u0648\u0627\u0644\u062a\u0623\u0644\u0642 \u062a\u062d\u062a \u0627\u0644\u0645\u0627\u0621\u060c \u0645\u0645\u0627 \u064a\u062c\u0639\u0644\u0647\u0627 \u062b\u0648\u0631\u0629 \u062d\u0642\u064a\u0642\u064a\u0629 \u0641\u064a \u0627\u0644\u0641\u064a\u0646\u064a\u0644 \u0645\u0646 \u0646\u0648\u0639 \u0648\u0634\u0643\u0644 \u0631\u0623\u0633\u064a\u0627\u062a \u0627\u0644\u0623\u0631\u062c\u0644\u060c \u0648\u0628\u0627\u0644\u062a\u0627\u0644\u064a \u062a\u0634\u0628\u0647 \u0627\u0644\u062d\u0628\u0627\u0631 \u0639\u0644\u0649 \u0642\u064a\u062f \u0627\u0644\u062d\u064a\u0627\u0629 \u0628\u0641\u0636\u0644 \u062d\u0631\u0643\u0627\u062a\u0647\u0627.<\/p>\n<p>\u0645\u062a\u0648\u0641\u0631 \u0628\u0648\u0632\u0646\u064a\u0646\u060c \u0644\u064a\u0646\u0627\u0633\u0628 \u062c\u0645\u064a\u0639 \u0623\u0646\u0648\u0627\u0639 \u0627\u0644\u0635\u064a\u0627\u062f\u064a\u0646\u060c \u0648\u0628\u0627\u0644\u062a\u0627\u0644\u064a \u064a\u0632\u064a\u062f \u0645\u0646 \u0641\u0627\u0626\u062f\u062a\u0647 \u0648\u062a\u0639\u062f\u062f \u0627\u0633\u062a\u062e\u062f\u0627\u0645\u0627\u062a\u0647.<\/p>\n<p>\u062a\u0634\u062a\u0645\u0644 \u0627\u0644\u0645\u062c\u0645\u0648\u0639\u0629 \u0639\u0644\u0649 \u0631\u0623\u0633 \u062a\u0647\u0632\u0647\u0632 \u0648\u062c\u0633\u0645 \u062d\u0628\u0627\u0631 \u0648\u062e\u0637\u0627\u0641 \u0631\u0626\u064a\u0633\u064a<\/p>","protected":false},"excerpt":{"rendered":"<p>Le Calamar st leurres , est un leurre d&rsquo;un marque alg\u00e9rienne\u00a0 qui offre un r\u00e9alisme, une nage et une brillance inhabituels sous l&rsquo;eau, ce qui en fait une v\u00e9ritable r\u00e9volution en vinyle de type et de forme c\u00e9phalopode, ressemblant ainsi \u00e0 un calamar vivant gr\u00e2ce \u00e0 ses mouvements. Il est disponible en 2 poids, pour [&hellip;]<\/p>","protected":false},"featured_media":9812,"comment_status":"open","ping_status":"closed","template":"","meta":{"_uf_show_specific_survey":0,"_uf_disable_surveys":false},"product_brand":[],"product_cat":[164,190,227],"product_tag":[],"class_list":{"0":"post-9804","1":"product","2":"type-product","3":"status-publish","4":"has-post-thumbnail","6":"product_cat-peche","7":"product_cat-souple","8":"product_cat-materiel-de-peche","10":"first","11":"instock","12":"shipping-taxable","13":"purchasable","14":"product-type-variable"},"aioseo_notices":[],"_links":{"self":[{"href":"https:\/\/dsmarinealgerie.com\/ar\/wp-json\/wp\/v2\/product\/9804","targetHints":{"allow":["GET"]}}],"collection":[{"href":"https:\/\/dsmarinealgerie.com\/ar\/wp-json\/wp\/v2\/product"}],"about":[{"href":"https:\/\/dsmarinealgerie.com\/ar\/wp-json\/wp\/v2\/types\/product"}],"replies":[{"embeddable":true,"href":"https:\/\/dsmarinealgerie.com\/ar\/wp-json\/wp\/v2\/comments?post=9804"}],"wp:featuredmedia":[{"embeddable":true,"href":"https:\/\/dsmarinealgerie.com\/ar\/wp-json\/wp\/v2\/media\/9812"}],"wp:attachment":[{"href":"https:\/\/dsmarinealgerie.com\/ar\/wp-json\/wp\/v2\/media?parent=9804"}],"wp:term":[{"taxonomy":"product_brand","embeddable":true,"href":"https:\/\/dsmarinealgerie.com\/ar\/wp-json\/wp\/v2\/product_brand?post=9804"},{"taxonomy":"product_cat","embeddable":true,"href":"https:\/\/dsmarinealgerie.com\/ar\/wp-json\/wp\/v2\/product_cat?post=9804"},{"taxonomy":"product_tag","embeddable":true,"href":"https:\/\/dsmarinealgerie.com\/ar\/wp-json\/wp\/v2\/product_tag?post=9804"}],"curies":[{"name":"wp","href":"https:\/\/api.w.org\/{rel}","templated":true}]}}