{"id":9836,"date":"2024-04-27T11:29:29","date_gmt":"2024-04-27T11:29:29","guid":{"rendered":"https:\/\/dsmarinealgerie.com\/?post_type=product&#038;p=9836"},"modified":"2024-11-27T12:42:14","modified_gmt":"2024-11-27T12:42:14","slug":"cadenas-marine-kit-3-pcs-ssty-50-opel","status":"publish","type":"product","link":"https:\/\/dsmarinealgerie.com\/ar\/shop\/accastillage\/accessoires\/cadenas-marine-kit-3-pcs-ssty-50-opel\/","title":{"rendered":"\u0637\u0642\u0645 \u0642\u0641\u0644 \u0645\u0627\u0631\u064a\u0646 3 \u0642\u0637\u0639 Ssty 50 \u0623\u0648\u0628\u0644"},"content":{"rendered":"<p>\u0627\u0644\u00a0<strong>\u0642\u0641\u0644 \u0633\u0633\u062a\u064a 50 <\/strong>\u0639\u0628\u0627\u0631\u0629 \u0639\u0646 \u0642\u0641\u0644 \u0645\u0646 \u0627\u0644\u0646\u062d\u0627\u0633 \u0627\u0644\u0635\u0644\u0628 \u0645\u0639 \u062a\u0643\u0628\u0644 \u0641\u0648\u0644\u0627\u0630\u064a \u0645\u0642\u0648\u0649 \u0645\u0637\u0644\u064a \u0628\u0627\u0644\u0646\u064a\u0643\u0644.<\/p>\n<ul>\n<li>\u062c\u0633\u0645 \u0645\u0646 \u0627\u0644\u0646\u062d\u0627\u0633 \u0627\u0644\u0635\u0644\u0628<strong><br \/>\n<\/strong><\/li>\n<li>\u0645\u0643\u0627\u0641\u062d\u0629 \u0627\u062e\u062a\u064a\u0627\u0631<\/li>\n<li>\u062c\u0633\u0645 50 \u0645\u0644\u0645<\/li>\n<li>\u0645\u0642\u0628\u0636 \u0628\u0642\u0637\u0631 9 \u0645\u0644\u0645<\/li>\n<\/ul>\n<ul>\n<li>\u0627\u0644\u0645\u0642\u0628\u0636 \u0645\u0635\u0646\u0648\u0639 \u0645\u0646 \u0627\u0644\u0641\u0648\u0644\u0627\u0630 \u0627\u0644\u0645\u0642\u0648\u0649 \u0645\u0639 \u0644\u0645\u0633\u0629 \u0646\u0647\u0627\u0626\u064a\u0629 \u0645\u0637\u0644\u064a\u0629 \u0628\u0627\u0644\u0646\u064a\u0643\u0644<\/li>\n<li>\u0639\u0644\u0628\u0629 \u0645\u0646 \u0627\u0644\u0646\u062d\u0627\u0633 \u0627\u0644\u0635\u0644\u0628 \u0645\u0642\u0627\u0633 50 \u0645\u0644\u0645<\/li>\n<li>\u0631\u0628\u064a\u0639 \u0627\u0644\u0642\u0641\u0644 \u0627\u0644\u0641\u0636\u064a<\/li>\n<li>\u064a\u0623\u062a\u064a \u0645\u0639 3 \u0645\u0641\u0627\u062a\u064a\u062d<\/li>\n<li>\u0644\u0644\u0642\u0627\u0631\u0628<\/li>\n<\/ul>","protected":false},"excerpt":{"rendered":"<p>Le\u00a0cadenas ssty 50 est un cadenas en laiton massif dot\u00e9 d&rsquo;une anse en acier c\u00e9ment\u00e9 finition nickel\u00e9e. Corps en laiton massif Anti-crochetage Corps de 50 mm Anse diam\u00e8tre de 9 mm Anse en acier c\u00e9ment\u00e9 finition nickel\u00e9e Boitier en laiton massif de 50 mm Ressort de verrouillage en argent Livr\u00e9 avec 3 cl\u00e9s pour bateau<\/p>","protected":false},"featured_media":9862,"comment_status":"open","ping_status":"closed","template":"","meta":{"_uf_show_specific_survey":0,"_uf_disable_surveys":false},"product_brand":[],"product_cat":[163,170],"product_tag":[],"class_list":{"0":"post-9836","1":"product","2":"type-product","3":"status-publish","4":"has-post-thumbnail","6":"product_cat-accastillage","7":"product_cat-accessoires","9":"first","10":"outofstock","11":"shipping-taxable","12":"purchasable","13":"product-type-simple"},"aioseo_notices":[],"_links":{"self":[{"href":"https:\/\/dsmarinealgerie.com\/ar\/wp-json\/wp\/v2\/product\/9836","targetHints":{"allow":["GET"]}}],"collection":[{"href":"https:\/\/dsmarinealgerie.com\/ar\/wp-json\/wp\/v2\/product"}],"about":[{"href":"https:\/\/dsmarinealgerie.com\/ar\/wp-json\/wp\/v2\/types\/product"}],"replies":[{"embeddable":true,"href":"https:\/\/dsmarinealgerie.com\/ar\/wp-json\/wp\/v2\/comments?post=9836"}],"wp:featuredmedia":[{"embeddable":true,"href":"https:\/\/dsmarinealgerie.com\/ar\/wp-json\/wp\/v2\/media\/9862"}],"wp:attachment":[{"href":"https:\/\/dsmarinealgerie.com\/ar\/wp-json\/wp\/v2\/media?parent=9836"}],"wp:term":[{"taxonomy":"product_brand","embeddable":true,"href":"https:\/\/dsmarinealgerie.com\/ar\/wp-json\/wp\/v2\/product_brand?post=9836"},{"taxonomy":"product_cat","embeddable":true,"href":"https:\/\/dsmarinealgerie.com\/ar\/wp-json\/wp\/v2\/product_cat?post=9836"},{"taxonomy":"product_tag","embeddable":true,"href":"https:\/\/dsmarinealgerie.com\/ar\/wp-json\/wp\/v2\/product_tag?post=9836"}],"curies":[{"name":"wp","href":"https:\/\/api.w.org\/{rel}","templated":true}]}}