{"id":9844,"date":"2024-05-21T12:00:23","date_gmt":"2024-05-21T12:00:23","guid":{"rendered":"https:\/\/dsmarinealgerie.com\/?post_type=product&#038;p=9844"},"modified":"2024-05-21T12:18:56","modified_gmt":"2024-05-21T12:18:56","slug":"tresse-asso-power-braid-noire-038mm-300m","status":"publish","type":"product","link":"https:\/\/dsmarinealgerie.com\/ar\/shop\/peche\/materiel-de-peche\/tresse\/tresse-asso-power-braid-noire-038mm-300m\/","title":{"rendered":"\u062c\u062f\u064a\u0644\u0629 \u0623\u0633\u0648 \u0628\u0627\u0648\u0631 \u0623\u0633\u0648\u062f 0.38 \u0645\u0644\u0645\u060c 300 \u0645\u062a\u0631"},"content":{"rendered":"<p>\u064a\u0639\u062a\u0628\u0631 Asso Power Braid \u0645\u0646 \u0623\u062d\u062f\u062b \u062c\u064a\u0644 \u0645\u0646 \u0627\u0644\u0636\u0641\u0627\u0626\u0631 \u0627\u0644\u062a\u064a \u062a\u0633\u062a\u0641\u064a\u062f \u0645\u0646 \u062a\u0642\u0646\u064a\u0629 Micro Pitch. \u0647\u0630\u0647 \u0647\u064a \u0639\u0645\u0644\u064a\u0629 \u0627\u0644\u0628\u062b\u0642 \u0645\u0639 \u0627\u0644\u062a\u063a\u0644\u064a\u0641 \u0627\u0644\u0633\u0627\u062e\u0646 \u062d\u0628\u0644\u0627 \u0628\u0639\u062f \u062d\u0628\u0644\u0627 \u062b\u0645 \u062f\u0645\u062c\u0647\u0627 \u0628\u0639\u0645\u0644\u064a\u0629 \u062d\u0631\u0627\u0631\u064a\u0629 \u062c\u062f\u064a\u062f\u0629.<\/p>\n<p>\u0647\u0630\u0627 \u0627\u0644\u062a\u0642\u062f\u0645 \u0627\u0644\u062a\u0642\u0646\u064a \u063a\u064a\u0631 \u0627\u0644\u0645\u0633\u0628\u0648\u0642 \u064a\u062c\u0639\u0644\u00a0<em>\u062c\u062f\u064a\u0644\u0629 \u0627\u0644\u0637\u0627\u0642\u0629<\/em>\u00a0\u0645\u0642\u0627\u0648\u0645 \u062c\u062f\u064b\u0627 \u0644\u0644\u062a\u0622\u0643\u0644\u060c \u0648\u0645\u062a\u064a\u0646 \u0628\u0645\u0631\u0648\u0631 \u0627\u0644\u0648\u0642\u062a\u060c \u0648\u0645\u0642\u0627\u0648\u0645 \u0644\u0644\u0645\u0627\u0621 \u062a\u0645\u0627\u0645\u064b\u0627.<\/p>","protected":false},"excerpt":{"rendered":"<p>La Tresse Asso Power Braid est une tresse derni\u00e8re g\u00e9n\u00e9ration b\u00e9n\u00e9ficie de la technologie Micro Pitch. Il s\u2019agit d&rsquo;un proc\u00e9d\u00e9 d\u2019extrusion avec gainage \u00e0 chaud brin par brin puis de leur fusion par un nouveau processus thermique. Cette avanc\u00e9e technique in\u00e9dite rend la\u00a0Power Braid\u00a0tr\u00e8s r\u00e9sistante \u00e0 l\u2019abrasion, durable dans le temps et compl\u00e8tement imperm\u00e9able.<\/p>","protected":false},"featured_media":9845,"comment_status":"open","ping_status":"closed","template":"","meta":{"_uf_show_specific_survey":0,"_uf_disable_surveys":false},"product_brand":[],"product_cat":[581,164,227],"product_tag":[],"class_list":{"0":"post-9844","1":"product","2":"type-product","3":"status-publish","4":"has-post-thumbnail","6":"product_cat-tresse","7":"product_cat-peche","8":"product_cat-materiel-de-peche","10":"first","11":"instock","12":"shipping-taxable","13":"purchasable","14":"product-type-simple"},"aioseo_notices":[],"_links":{"self":[{"href":"https:\/\/dsmarinealgerie.com\/ar\/wp-json\/wp\/v2\/product\/9844","targetHints":{"allow":["GET"]}}],"collection":[{"href":"https:\/\/dsmarinealgerie.com\/ar\/wp-json\/wp\/v2\/product"}],"about":[{"href":"https:\/\/dsmarinealgerie.com\/ar\/wp-json\/wp\/v2\/types\/product"}],"replies":[{"embeddable":true,"href":"https:\/\/dsmarinealgerie.com\/ar\/wp-json\/wp\/v2\/comments?post=9844"}],"wp:featuredmedia":[{"embeddable":true,"href":"https:\/\/dsmarinealgerie.com\/ar\/wp-json\/wp\/v2\/media\/9845"}],"wp:attachment":[{"href":"https:\/\/dsmarinealgerie.com\/ar\/wp-json\/wp\/v2\/media?parent=9844"}],"wp:term":[{"taxonomy":"product_brand","embeddable":true,"href":"https:\/\/dsmarinealgerie.com\/ar\/wp-json\/wp\/v2\/product_brand?post=9844"},{"taxonomy":"product_cat","embeddable":true,"href":"https:\/\/dsmarinealgerie.com\/ar\/wp-json\/wp\/v2\/product_cat?post=9844"},{"taxonomy":"product_tag","embeddable":true,"href":"https:\/\/dsmarinealgerie.com\/ar\/wp-json\/wp\/v2\/product_tag?post=9844"}],"curies":[{"name":"wp","href":"https:\/\/api.w.org\/{rel}","templated":true}]}}