{"id":9896,"date":"2024-04-24T11:20:00","date_gmt":"2024-04-24T11:20:00","guid":{"rendered":"https:\/\/dsmarinealgerie.com\/?post_type=product&#038;p=9896"},"modified":"2024-04-24T11:20:00","modified_gmt":"2024-04-24T11:20:00","slug":"agraphe-daiwa-prorex-snap","status":"publish","type":"product","link":"https:\/\/dsmarinealgerie.com\/ar\/shop\/peche\/materiel-de-peche\/accessoires-de-peche\/agraphe-daiwa-prorex-snap\/","title":{"rendered":"\u062f\u0627\u064a\u0648\u0627 \u0628\u0631\u0648\u0631\u064a\u0643\u0633 \u0633\u0646\u0627\u0628 \u0633\u062a\u0627\u0628\u0644\u0632"},"content":{"rendered":"<p>\u064a\u0648\u0641\u0631 \u0645\u0634\u0628\u0643 Prorex \u062d\u0631\u064a\u0629 \u0627\u0644\u0633\u0628\u0627\u062d\u0629 \u0627\u0644\u0643\u0627\u0645\u0644\u0629 \u0644\u0644\u0637\u064f\u0639\u0645 \u0627\u0644\u0645\u0633\u062a\u062e\u062f\u0645. \u0648\u0647\u064a \u0645\u0635\u0645\u0645\u0629 \u0644\u0645\u0642\u0627\u0648\u0645\u0629 \u0627\u0644\u0623\u0633\u0645\u0627\u0643 \u0627\u0644\u0645\u0642\u0627\u062a\u0644\u0629.<\/p>\n<p>\u0627\u0644\u0643\u0645\u064a\u0629 \u0641\u064a \u0643\u0644 \u0643\u064a\u0633: 10 \u0642\u0637\u0639<\/p>\n<p>\u0627\u0644\u0644\u0648\u0646: \u0623\u0633\u0648\u062f \u0645\u0637\u0641\u064a<\/p>\n<p>\u0627\u0644\u0645\u0648\u0627\u062f: \u0627\u0644\u0641\u0648\u0644\u0627\u0630 \u0627\u0644\u0645\u0642\u0627\u0648\u0645 \u0644\u0644\u0635\u062f\u0623<\/p>","protected":false},"excerpt":{"rendered":"<p>L&rsquo;agrafe Prorex offre une libert\u00e9 totale de nage aux leurres utilis\u00e9s. Elle est con\u00e7ue pour r\u00e9sister aux poissons combatifs. Quantit\u00e9 par sachet : 10 pi\u00e8ces Couleur : Noir Mat Mati\u00e8re : Acier Inoxydable<\/p>","protected":false},"featured_media":9902,"comment_status":"open","ping_status":"closed","template":"","meta":{"_uf_show_specific_survey":0,"_uf_disable_surveys":false},"product_brand":[],"product_cat":[183,164,227],"product_tag":[],"class_list":{"0":"post-9896","1":"product","2":"type-product","3":"status-publish","4":"has-post-thumbnail","6":"product_cat-accessoires-de-peche","7":"product_cat-peche","8":"product_cat-materiel-de-peche","10":"first","11":"instock","12":"shipping-taxable","13":"product-type-variable"},"aioseo_notices":[],"_links":{"self":[{"href":"https:\/\/dsmarinealgerie.com\/ar\/wp-json\/wp\/v2\/product\/9896","targetHints":{"allow":["GET"]}}],"collection":[{"href":"https:\/\/dsmarinealgerie.com\/ar\/wp-json\/wp\/v2\/product"}],"about":[{"href":"https:\/\/dsmarinealgerie.com\/ar\/wp-json\/wp\/v2\/types\/product"}],"replies":[{"embeddable":true,"href":"https:\/\/dsmarinealgerie.com\/ar\/wp-json\/wp\/v2\/comments?post=9896"}],"wp:featuredmedia":[{"embeddable":true,"href":"https:\/\/dsmarinealgerie.com\/ar\/wp-json\/wp\/v2\/media\/9902"}],"wp:attachment":[{"href":"https:\/\/dsmarinealgerie.com\/ar\/wp-json\/wp\/v2\/media?parent=9896"}],"wp:term":[{"taxonomy":"product_brand","embeddable":true,"href":"https:\/\/dsmarinealgerie.com\/ar\/wp-json\/wp\/v2\/product_brand?post=9896"},{"taxonomy":"product_cat","embeddable":true,"href":"https:\/\/dsmarinealgerie.com\/ar\/wp-json\/wp\/v2\/product_cat?post=9896"},{"taxonomy":"product_tag","embeddable":true,"href":"https:\/\/dsmarinealgerie.com\/ar\/wp-json\/wp\/v2\/product_tag?post=9896"}],"curies":[{"name":"wp","href":"https:\/\/api.w.org\/{rel}","templated":true}]}}