{"id":9918,"date":"2024-04-29T08:49:07","date_gmt":"2024-04-29T08:49:07","guid":{"rendered":"https:\/\/dsmarinealgerie.com\/?post_type=product&#038;p=9918"},"modified":"2024-04-29T08:54:02","modified_gmt":"2024-04-29T08:54:02","slug":"separateur-deau-s3213","status":"publish","type":"product","link":"https:\/\/dsmarinealgerie.com\/ar\/shop\/accastillage\/electrique\/separateur-deau-s3213\/","title":{"rendered":"\u0641\u0627\u0635\u0644 \u0627\u0644\u0645\u0627\u0621 S3213"},"content":{"rendered":"<p>\u0627\u0644\u0646\u0648\u0639: \u0641\u0627\u0635\u0644 \u0645\u064a\u0627\u0647 \u0644\u0644\u0648\u0642\u0648\u062f<br \/>\n\u0627\u0644\u0645\u0648\u0627\u062f: \u0645\u0639\u062f\u0646 + \u0628\u0644\u0627\u0633\u062a\u064a\u0643<br \/>\n\u0627\u0644\u0648\u0638\u064a\u0641\u0629: \u062a\u0631\u0634\u062d \u0627\u0644\u0634\u0648\u0627\u0626\u0628 \u0627\u0644\u0635\u0644\u0628\u0629 \u0641\u064a \u0627\u0644\u0648\u0642\u0648\u062f\u060c \u0648\u062a\u062d\u0645\u064a \u0627\u0644\u0641\u0648\u0647\u0627\u062a \u0648\u0628\u0637\u0627\u0646\u0627\u062a \u0627\u0644\u0623\u0633\u0637\u0648\u0627\u0646\u0629 \u0648\u062d\u0644\u0642\u0627\u062a \u0627\u0644\u0645\u0643\u0628\u0633\u060c \u0648\u062a\u062d\u0645\u064a \u0627\u0644\u062d\u0627\u0642\u0646\u0627\u062a \u0628\u0627\u0644\u0643\u0627\u0645\u0644 \u0645\u0646 \u0627\u0644\u062a\u0644\u0641 \u0627\u0644\u062a\u062f\u0631\u064a\u062c\u064a \u0648\u062a\u0648\u0641\u0631 \u0639\u0645\u0631 \u062e\u062f\u0645\u0629 \u0623\u0637\u0648\u0644<br \/>\n\u0627\u0644\u062a\u0637\u0628\u064a\u0642: \u0645\u0646\u0627\u0633\u0628 \u0644\u0644\u0645\u062d\u0631\u0643 \u0627\u0644\u062e\u0627\u0631\u062c\u064a\u060c \u0648\u0627\u0644\u062c\u0631\u0627\u0631\u0627\u062a\u060c \u0648\u0645\u062d\u0645\u0644 \u0627\u0644\u062a\u0641\u0631\u064a\u063a\u060c \u0648\u0645\u0639\u0627\u0644\u062c\u0627\u062a \u0627\u0644\u0645\u0648\u0627\u062f<\/p>\n<p>\u0627\u0644\u0637\u0648\u0644: \u062a\u0642\u0631\u064a\u0628\u064b\u0627. 267 \u0645\u0644\u0645 \/ 10.5 \u0628\u0648\u0635\u0629<br \/>\n\u0627\u0644\u0639\u0631\u0636: \u062a\u0642\u0631\u064a\u0628\u064b\u0627. 102 \u0645\u0644\u0645 \/ 4.0 \u0628\u0648\u0635\u0629<br \/>\n\u0627\u0644\u0627\u0631\u062a\u0641\u0627\u0639: \u062a\u0642\u0631\u064a\u0628\u064b\u0627. 102 \u0645\u0644\u0645 \/ 4.0 \u0628\u0648\u0635\u0629<\/p>","protected":false},"excerpt":{"rendered":"<p>Type: S\u00e9parateur d&rsquo;eau de carburant Mat\u00e9riel: M\u00e9tal + plastique Fonction: filtre les impuret\u00e9s solides dans le carburant, prot\u00e8ge les buses, les chemises de cylindre et les segments de piston, prot\u00e8ge enti\u00e8rement les injecteurs contre les dommages progressifs et offre une dur\u00e9e de vie plus longue Application: Convient pour moteur hors-bord, tracteurs, chargeuse \u00e0 benne basculante, [&hellip;]<\/p>","protected":false},"featured_media":9919,"comment_status":"open","ping_status":"closed","template":"","meta":{"_uf_show_specific_survey":0,"_uf_disable_surveys":false},"product_brand":[],"product_cat":[167,163],"product_tag":[],"class_list":{"0":"post-9918","1":"product","2":"type-product","3":"status-publish","4":"has-post-thumbnail","6":"product_cat-electrique","7":"product_cat-accastillage","9":"first","10":"instock","11":"shipping-taxable","12":"purchasable","13":"product-type-simple"},"aioseo_notices":[],"_links":{"self":[{"href":"https:\/\/dsmarinealgerie.com\/ar\/wp-json\/wp\/v2\/product\/9918","targetHints":{"allow":["GET"]}}],"collection":[{"href":"https:\/\/dsmarinealgerie.com\/ar\/wp-json\/wp\/v2\/product"}],"about":[{"href":"https:\/\/dsmarinealgerie.com\/ar\/wp-json\/wp\/v2\/types\/product"}],"replies":[{"embeddable":true,"href":"https:\/\/dsmarinealgerie.com\/ar\/wp-json\/wp\/v2\/comments?post=9918"}],"wp:featuredmedia":[{"embeddable":true,"href":"https:\/\/dsmarinealgerie.com\/ar\/wp-json\/wp\/v2\/media\/9919"}],"wp:attachment":[{"href":"https:\/\/dsmarinealgerie.com\/ar\/wp-json\/wp\/v2\/media?parent=9918"}],"wp:term":[{"taxonomy":"product_brand","embeddable":true,"href":"https:\/\/dsmarinealgerie.com\/ar\/wp-json\/wp\/v2\/product_brand?post=9918"},{"taxonomy":"product_cat","embeddable":true,"href":"https:\/\/dsmarinealgerie.com\/ar\/wp-json\/wp\/v2\/product_cat?post=9918"},{"taxonomy":"product_tag","embeddable":true,"href":"https:\/\/dsmarinealgerie.com\/ar\/wp-json\/wp\/v2\/product_tag?post=9918"}],"curies":[{"name":"wp","href":"https:\/\/api.w.org\/{rel}","templated":true}]}}