{"id":9939,"date":"2024-05-14T14:50:17","date_gmt":"2024-05-14T14:50:17","guid":{"rendered":"https:\/\/dsmarinealgerie.com\/?post_type=product&#038;p=9939"},"modified":"2025-11-13T09:01:26","modified_gmt":"2025-11-13T09:01:26","slug":"moulinet-penn-slammer-iv-5500-dx","status":"publish","type":"product","link":"https:\/\/dsmarinealgerie.com\/ar\/shop\/peche\/moulinets\/moulinet-penn-slammer-iv-5500-dx\/","title":{"rendered":"\u0628\u0643\u0631\u0629 \u0628\u0646 \u0633\u0644\u0627\u0645\u0631 IV 5500 DX"},"content":{"rendered":"<div class=\"layer hidden-sm-down\" data-toggle=\"modal\" data-target=\"#product-modal\">\n<div class=\"row description content\">\n<div class=\"col-12 value content\">\n<p>\u0647\u0646\u0627 \u0627\u0644\u0639\u0644\u0627\u0645\u0629 \u0627\u0644\u062a\u062c\u0627\u0631\u064a\u0629 \u0627\u0644\u062c\u062f\u064a\u062f\u0629<strong>\u00a0\u0628\u0646 \u0633\u0644\u0627\u0645\u0631 \u0627\u0644\u0631\u0627\u0628\u0639<\/strong>. \u0648\u062d\u0634 \u0627\u0644\u0642\u0648\u0629 \u0645\u0639\u00a0<strong>\u0641\u0631\u0627\u0645\u0644 18.6 \u0643\u062c\u0645<\/strong>\u00a0\u0644\u0627\u0633\u062a\u0639\u0627\u062f\u0629 99 \u0633\u0645 \u0644\u0643\u0644 \u062f\u0648\u0631\u0629 \u0645\u0646 \u0627\u0644\u0643\u0631\u0646\u0643. \u062c\u0633\u0645 \u0648\u0645\u0644\u0641 \u0645\u0642\u0627\u0648\u0645\u0627\u0646 \u0644\u0644\u0645\u0627\u0621 \u0628\u062f\u0631\u062c\u0629 IPX6\u060c \u0645\u0639 \u0646\u0638\u0627\u0645 \u0641\u0631\u0627\u0645\u0644 Dura Drag\u2122 \u0627\u0644\u062c\u062f\u064a\u062f \u0644\u0645\u0632\u064a\u062f \u0645\u0646 \u0627\u0644\u0623\u062f\u0627\u0621 \u0648\u0627\u0644\u062a\u0642\u062f\u0645.<\/p>\n<p>\u062a\u0645 \u0625\u0646\u0634\u0627\u0621 \u0647\u0630\u0647 \u0627\u0644\u0628\u0643\u0631\u0629 \u0628\u0627\u0633\u062a\u062e\u062f\u0627\u0645\u00a0<strong>\u062a\u0643\u0646\u0648\u0644\u0648\u062c\u064a\u0627 \u0627\u0644\u0639\u062a\u0627\u062f CNC\u00a0<\/strong>\u0628\u0627\u0644\u0643\u0627\u0645\u0644 \u0645\u0646 \u0627\u0644\u0646\u062d\u0627\u0633 \u0648\u0646\u0638\u0627\u0645<strong>\u00a08+1 \u0645\u062d\u0627\u0645\u0644 \u0645\u0646 \u0627\u0644\u0641\u0648\u0644\u0627\u0630 \u0627\u0644\u0645\u0642\u0627\u0648\u0645 \u0644\u0644\u0635\u062f\u0623.<\/strong>\u00a0\u0631\u0628\u0645\u0627 \u0644\u0645 \u062a\u0635\u0644 \u0628\u0639\u062f \u0625\u0644\u0649 \u0642\u0645\u0629 Slammer\u060c \u0644\u0643\u0646 \u0647\u0630\u0627 \u0627\u0644\u0625\u0635\u062f\u0627\u0631 \u0627\u0644\u062c\u062f\u064a\u062f \u0645\u0646 Slammer IV \u064a\u0642\u062a\u0631\u0628 \u0645\u0646\u0647\u0627 \u0628\u0634\u0643\u0644 \u062e\u0637\u064a\u0631. \u0628\u0643\u0631\u0629 \u0631\u0641\u064a\u0639\u0629 \u0627\u0644\u0645\u0633\u062a\u0648\u0649 \u0630\u0627\u062a \u0642\u064a\u0645\u0629 \u0627\u0633\u062a\u062b\u0646\u0627\u0626\u064a\u0629 \u0645\u0642\u0627\u0628\u0644 \u0627\u0644\u0645\u0627\u0644 \u0648\u0645\u062a\u0627\u0646\u0629 \u0645\u0639\u0631\u0648\u0641\u0629 \u0644\u0644\u062c\u0645\u064a\u0639.<\/p>\n<\/div>\n<\/div>\n<div class=\"row details content\">\n<div class=\"col-12\"><\/div>\n<\/div>\n<\/div>\n<div data-toggle=\"modal\" data-target=\"#product-modal\">\n<p><strong>\u0633\u0645\u0627\u062a:<\/strong><\/p>\n<ul>\n<li>\u0627\u0644\u0633\u0639\u0629: 390 \u0645 \u0641\u064a 0.28 \u0645\u0645<\/li>\n<li>\u0627\u0644\u0646\u0633\u0628\u0629: 5.6\/1<\/li>\n<li>\u0627\u0633\u062a\u0639\u0627\u062f\u0629 : 99 \u0633\u0645<\/li>\n<li>\u0627\u0644\u0645\u062d\u0627\u0645\u0644: 9<\/li>\n<li>\u064a\u0645\u0643\u0646. \u0627\u0644\u0641\u0631\u0627\u0645\u0644: 18.2 \u0643\u062c\u0645<\/li>\n<li>\u0627\u0644\u0648\u0632\u0646: 630 \u062c\u0631\u0627\u0645<\/li>\n<li>\u062d\u062c\u0645 \u0627\u0644\u0628\u0643\u0631\u0629: 5500<\/li>\n<\/ul>\n<\/div>","protected":false},"excerpt":{"rendered":"<p>Voici le tout nouveau\u00a0Penn Slammer IV. Un monstre de puissance dot\u00e9 d&rsquo;un\u00a0frein de 18.6 Kg\u00a0pour une r\u00e9cup\u00e9ration de 99cm par tour de manivelle. B\u00e2ti et la bobine d&rsquo;\u00e9tanch\u00e9it\u00e9 IPX6 d\u00e9j\u00e0 \u00e9prouv\u00e9s, avec un nouveau syst\u00e8me de freinage Dura Drag\u2122 pour encore plus de performance et de progressivit\u00e9. Ce moulinet a \u00e9t\u00e9 cr\u00e9\u00e9 avec la\u00a0technologie d&rsquo;engrenage [&hellip;]<\/p>","protected":false},"featured_media":9952,"comment_status":"open","ping_status":"closed","template":"","meta":{"_uf_show_specific_survey":0,"_uf_disable_surveys":false},"product_brand":[],"product_cat":[164,228],"product_tag":[],"class_list":{"0":"post-9939","1":"product","2":"type-product","3":"status-publish","4":"has-post-thumbnail","6":"product_cat-peche","7":"product_cat-moulinets","9":"first","10":"instock","11":"shipping-taxable","12":"purchasable","13":"product-type-simple"},"aioseo_notices":[],"_links":{"self":[{"href":"https:\/\/dsmarinealgerie.com\/ar\/wp-json\/wp\/v2\/product\/9939","targetHints":{"allow":["GET"]}}],"collection":[{"href":"https:\/\/dsmarinealgerie.com\/ar\/wp-json\/wp\/v2\/product"}],"about":[{"href":"https:\/\/dsmarinealgerie.com\/ar\/wp-json\/wp\/v2\/types\/product"}],"replies":[{"embeddable":true,"href":"https:\/\/dsmarinealgerie.com\/ar\/wp-json\/wp\/v2\/comments?post=9939"}],"wp:featuredmedia":[{"embeddable":true,"href":"https:\/\/dsmarinealgerie.com\/ar\/wp-json\/wp\/v2\/media\/9952"}],"wp:attachment":[{"href":"https:\/\/dsmarinealgerie.com\/ar\/wp-json\/wp\/v2\/media?parent=9939"}],"wp:term":[{"taxonomy":"product_brand","embeddable":true,"href":"https:\/\/dsmarinealgerie.com\/ar\/wp-json\/wp\/v2\/product_brand?post=9939"},{"taxonomy":"product_cat","embeddable":true,"href":"https:\/\/dsmarinealgerie.com\/ar\/wp-json\/wp\/v2\/product_cat?post=9939"},{"taxonomy":"product_tag","embeddable":true,"href":"https:\/\/dsmarinealgerie.com\/ar\/wp-json\/wp\/v2\/product_tag?post=9939"}],"curies":[{"name":"wp","href":"https:\/\/api.w.org\/{rel}","templated":true}]}}